{"id":624,"date":"2024-02-15T15:00:37","date_gmt":"2024-02-15T14:00:37","guid":{"rendered":"https:\/\/kovacskati.com\/?page_id=624"},"modified":"2024-02-23T16:02:27","modified_gmt":"2024-02-23T15:02:27","slug":"szerzoi-jogi-nyilatkozat","status":"publish","type":"page","link":"https:\/\/kovacskati.com\/en\/szerzoi-jogi-nyilatkozat\/","title":{"rendered":"Copyright declaration"},"content":{"rendered":"<div data-elementor-type=\"wp-page\" data-elementor-id=\"624\" class=\"elementor elementor-624\" data-elementor-post-type=\"page\">\n\t\t\t\t<div class=\"elementor-element elementor-element-4e08ab5 e-flex e-con-boxed e-con e-parent\" data-id=\"4e08ab5\" data-element_type=\"container\" data-e-type=\"container\" data-settings=\"{&quot;background_background&quot;:&quot;classic&quot;,&quot;shape_divider_bottom&quot;:&quot;triangle-asymmetrical&quot;,&quot;shape_divider_bottom_negative&quot;:&quot;yes&quot;}\">\n\t\t\t\t\t<div class=\"e-con-inner\">\n\t\t\t\t<div class=\"elementor-shape elementor-shape-bottom\" aria-hidden=\"true\" data-negative=\"true\">\n\t\t\t<svg xmlns=\"http:\/\/www.w3.org\/2000\/svg\" viewbox=\"0 0 1000 100\" preserveaspectratio=\"none\">\n\t<path class=\"elementor-shape-fill\" d=\"M737.9,94.7L0,0v100h1000V0L737.9,94.7z\"\/>\n<\/svg>\t\t<\/div>\n\t\t\t\t<div class=\"elementor-element elementor-element-d044679 elementor-widget elementor-widget-heading\" data-id=\"d044679\" data-element_type=\"widget\" data-e-type=\"widget\" data-widget_type=\"heading.default\">\n\t\t\t\t<div class=\"elementor-widget-container\">\n\t\t\t\t\t<h1 class=\"elementor-heading-title elementor-size-default\">Copyright declaration<\/h1>\t\t\t\t<\/div>\n\t\t\t\t<\/div>\n\t\t\t\t\t<\/div>\n\t\t\t\t<\/div>\n\t\t<div class=\"elementor-element elementor-element-2e27932 e-flex e-con-boxed e-con e-parent\" data-id=\"2e27932\" data-element_type=\"container\" data-e-type=\"container\">\n\t\t\t\t\t<div class=\"e-con-inner\">\n\t\t\t\t<div class=\"elementor-element elementor-element-d7ccdaa elementor-widget elementor-widget-text-editor\" data-id=\"d7ccdaa\" data-element_type=\"widget\" data-e-type=\"widget\" data-widget_type=\"text-editor.default\">\n\t\t\t\t<div class=\"elementor-widget-container\">\n\t\t\t\t\t\t\t\t\t<p>All content on this website is protected by copyright law. When quoting content, it is mandatory to provide the source and the name of the author as indicated therein. All rights reserved under the Copyright Act of 1999, LXXVI.<\/p><p>All content appearing on www.kovacskati.com, including descriptions, articles, images (unless otherwise indicated), graphs, or any other individual, original solution, hereinafter referred to as 'work,' is protected by copyright law as formulated in the aforementioned law and the Civil Code.<\/p><p>Unless otherwise stated in the works, the partial or complete further use of the works is permitted as follows: Displaying the original, intact, and unmodified content with the attribution to the specified author (Katalin Kov\u00e1cs) and the inclusion of the original URL (link) without separate permission.<\/p><p>In all other cases, explicit written consent is required for use.<\/p><p>Visitors to the www.kovacskati.com website acknowledge and agree to abide by this copyright declaration and use the website accordingly.<\/p>\t\t\t\t\t\t\t\t<\/div>\n\t\t\t\t<\/div>\n\t\t\t\t\t<\/div>\n\t\t\t\t<\/div>\n\t\t\t\t<\/div>","protected":false},"excerpt":{"rendered":"<p>Szerz\u0151i jogi nyilatkozat Az oldal tartalma szerz\u0151i jogi v\u00e9delem alatt \u00e1ll, a tartalmak id\u00e9z\u00e9se sor\u00e1n a forr\u00e1s, valamint az ott megjel\u00f6lt szerz\u0151 megnevez\u00e9se k\u00f6telez\u0151. Minden szerz\u0151i jogot fenntartok a szerz\u0151i jogr\u00f3l sz\u00f3l\u00f3 1999. \u00e9vi LXXVI.t\u00f6rv\u00e9ny alapj\u00e1n. A www.kovacskati.com honlapon megjelen\u0151 minden tartalom, \u00edgy a le\u00edr\u00e1sok, cikkek, a k\u00e9pek (amennyiben ezekn\u00e9l k\u00fcl\u00f6n eredetmegjel\u00f6l\u00e9s nem szerepel), grafikonok, [&hellip;]<\/p>\n","protected":false},"author":1,"featured_media":0,"parent":0,"menu_order":0,"comment_status":"closed","ping_status":"closed","template":"","meta":{"footnotes":""},"class_list":["post-624","page","type-page","status-publish","hentry"],"yoast_head":"<!-- This site is optimized with the Yoast SEO plugin v27.4 - https:\/\/yoast.com\/product\/yoast-seo-wordpress\/ -->\n<title>Szerz\u0151i jogi nyilatkozat - kovacskati.com<\/title>\n<meta name=\"robots\" content=\"index, follow, max-snippet:-1, max-image-preview:large, max-video-preview:-1\" \/>\n<link rel=\"canonical\" href=\"https:\/\/kovacskati.com\/en\/szerzoi-jogi-nyilatkozat\/\" \/>\n<meta property=\"og:locale\" content=\"en_GB\" \/>\n<meta property=\"og:type\" content=\"article\" \/>\n<meta property=\"og:title\" content=\"Szerz\u0151i jogi nyilatkozat - kovacskati.com\" \/>\n<meta property=\"og:description\" content=\"Szerz\u0151i jogi nyilatkozat Az oldal tartalma szerz\u0151i jogi v\u00e9delem alatt \u00e1ll, a tartalmak id\u00e9z\u00e9se sor\u00e1n a forr\u00e1s, valamint az ott megjel\u00f6lt szerz\u0151 megnevez\u00e9se k\u00f6telez\u0151. Minden szerz\u0151i jogot fenntartok a szerz\u0151i jogr\u00f3l sz\u00f3l\u00f3 1999. \u00e9vi LXXVI.t\u00f6rv\u00e9ny alapj\u00e1n. A www.kovacskati.com honlapon megjelen\u0151 minden tartalom, \u00edgy a le\u00edr\u00e1sok, cikkek, a k\u00e9pek (amennyiben ezekn\u00e9l k\u00fcl\u00f6n eredetmegjel\u00f6l\u00e9s nem szerepel), grafikonok, [&hellip;]\" \/>\n<meta property=\"og:url\" content=\"https:\/\/kovacskati.com\/en\/szerzoi-jogi-nyilatkozat\/\" \/>\n<meta property=\"og:site_name\" content=\"kovacskati.com\" \/>\n<meta property=\"article:publisher\" content=\"https:\/\/www.facebook.com\/profile.php?id=61556972811605\" \/>\n<meta property=\"article:modified_time\" content=\"2024-02-23T15:02:27+00:00\" \/>\n<meta name=\"twitter:card\" content=\"summary_large_image\" \/>\n<meta name=\"twitter:label1\" content=\"Estimated reading time\" \/>\n\t<meta name=\"twitter:data1\" content=\"1 minute\" \/>\n<script type=\"application\/ld+json\" class=\"yoast-schema-graph\">{\"@context\":\"https:\\\/\\\/schema.org\",\"@graph\":[{\"@type\":\"WebPage\",\"@id\":\"https:\\\/\\\/kovacskati.com\\\/szerzoi-jogi-nyilatkozat\\\/\",\"url\":\"https:\\\/\\\/kovacskati.com\\\/szerzoi-jogi-nyilatkozat\\\/\",\"name\":\"Szerz\u0151i jogi nyilatkozat - kovacskati.com\",\"isPartOf\":{\"@id\":\"https:\\\/\\\/kovacskati.com\\\/#website\"},\"datePublished\":\"2024-02-15T14:00:37+00:00\",\"dateModified\":\"2024-02-23T15:02:27+00:00\",\"breadcrumb\":{\"@id\":\"https:\\\/\\\/kovacskati.com\\\/szerzoi-jogi-nyilatkozat\\\/#breadcrumb\"},\"inLanguage\":\"en-GB\",\"potentialAction\":[{\"@type\":\"ReadAction\",\"target\":[\"https:\\\/\\\/kovacskati.com\\\/szerzoi-jogi-nyilatkozat\\\/\"]}]},{\"@type\":\"BreadcrumbList\",\"@id\":\"https:\\\/\\\/kovacskati.com\\\/szerzoi-jogi-nyilatkozat\\\/#breadcrumb\",\"itemListElement\":[{\"@type\":\"ListItem\",\"position\":1,\"name\":\"Kezd\u0151lap\",\"item\":\"https:\\\/\\\/kovacskati.com\\\/\"},{\"@type\":\"ListItem\",\"position\":2,\"name\":\"Szerz\u0151i jogi nyilatkozat\"}]},{\"@type\":\"WebSite\",\"@id\":\"https:\\\/\\\/kovacskati.com\\\/#website\",\"url\":\"https:\\\/\\\/kovacskati.com\\\/\",\"name\":\"kovacskati.com\",\"description\":\"Termel\u0151 szervezetek fejleszt\u0151je\",\"publisher\":{\"@id\":\"https:\\\/\\\/kovacskati.com\\\/#\\\/schema\\\/person\\\/a45e7fb2da10185804ff1605d3b989c3\"},\"potentialAction\":[{\"@type\":\"SearchAction\",\"target\":{\"@type\":\"EntryPoint\",\"urlTemplate\":\"https:\\\/\\\/kovacskati.com\\\/?s={search_term_string}\"},\"query-input\":{\"@type\":\"PropertyValueSpecification\",\"valueRequired\":true,\"valueName\":\"search_term_string\"}}],\"inLanguage\":\"en-GB\"},{\"@type\":[\"Person\",\"Organization\"],\"@id\":\"https:\\\/\\\/kovacskati.com\\\/#\\\/schema\\\/person\\\/a45e7fb2da10185804ff1605d3b989c3\",\"name\":\"Kov\u00e1cs Kati\",\"image\":{\"@type\":\"ImageObject\",\"inLanguage\":\"en-GB\",\"@id\":\"https:\\\/\\\/kovacskati.com\\\/wp-content\\\/uploads\\\/2024\\\/02\\\/kovacskati-com-logo.png\",\"url\":\"https:\\\/\\\/kovacskati.com\\\/wp-content\\\/uploads\\\/2024\\\/02\\\/kovacskati-com-logo.png\",\"contentUrl\":\"https:\\\/\\\/kovacskati.com\\\/wp-content\\\/uploads\\\/2024\\\/02\\\/kovacskati-com-logo.png\",\"width\":500,\"height\":100,\"caption\":\"Kov\u00e1cs Kati\"},\"logo\":{\"@id\":\"https:\\\/\\\/kovacskati.com\\\/wp-content\\\/uploads\\\/2024\\\/02\\\/kovacskati-com-logo.png\"},\"sameAs\":[\"https:\\\/\\\/www.facebook.com\\\/profile.php?id=61556972811605\",\"https:\\\/\\\/www.linkedin.com\\\/in\\\/katalin-kovcs-19b4b778\\\/\"]}]}<\/script>\n<!-- \/ Yoast SEO plugin. -->","yoast_head_json":{"title":"Szerz\u0151i jogi nyilatkozat - kovacskati.com","robots":{"index":"index","follow":"follow","max-snippet":"max-snippet:-1","max-image-preview":"max-image-preview:large","max-video-preview":"max-video-preview:-1"},"canonical":"https:\/\/kovacskati.com\/en\/szerzoi-jogi-nyilatkozat\/","og_locale":"en_GB","og_type":"article","og_title":"Szerz\u0151i jogi nyilatkozat - kovacskati.com","og_description":"Szerz\u0151i jogi nyilatkozat Az oldal tartalma szerz\u0151i jogi v\u00e9delem alatt \u00e1ll, a tartalmak id\u00e9z\u00e9se sor\u00e1n a forr\u00e1s, valamint az ott megjel\u00f6lt szerz\u0151 megnevez\u00e9se k\u00f6telez\u0151. Minden szerz\u0151i jogot fenntartok a szerz\u0151i jogr\u00f3l sz\u00f3l\u00f3 1999. \u00e9vi LXXVI.t\u00f6rv\u00e9ny alapj\u00e1n. A www.kovacskati.com honlapon megjelen\u0151 minden tartalom, \u00edgy a le\u00edr\u00e1sok, cikkek, a k\u00e9pek (amennyiben ezekn\u00e9l k\u00fcl\u00f6n eredetmegjel\u00f6l\u00e9s nem szerepel), grafikonok, [&hellip;]","og_url":"https:\/\/kovacskati.com\/en\/szerzoi-jogi-nyilatkozat\/","og_site_name":"kovacskati.com","article_publisher":"https:\/\/www.facebook.com\/profile.php?id=61556972811605","article_modified_time":"2024-02-23T15:02:27+00:00","twitter_card":"summary_large_image","twitter_misc":{"Estimated reading time":"1 minute"},"schema":{"@context":"https:\/\/schema.org","@graph":[{"@type":"WebPage","@id":"https:\/\/kovacskati.com\/szerzoi-jogi-nyilatkozat\/","url":"https:\/\/kovacskati.com\/szerzoi-jogi-nyilatkozat\/","name":"Szerz\u0151i jogi nyilatkozat - kovacskati.com","isPartOf":{"@id":"https:\/\/kovacskati.com\/#website"},"datePublished":"2024-02-15T14:00:37+00:00","dateModified":"2024-02-23T15:02:27+00:00","breadcrumb":{"@id":"https:\/\/kovacskati.com\/szerzoi-jogi-nyilatkozat\/#breadcrumb"},"inLanguage":"en-GB","potentialAction":[{"@type":"ReadAction","target":["https:\/\/kovacskati.com\/szerzoi-jogi-nyilatkozat\/"]}]},{"@type":"BreadcrumbList","@id":"https:\/\/kovacskati.com\/szerzoi-jogi-nyilatkozat\/#breadcrumb","itemListElement":[{"@type":"ListItem","position":1,"name":"Kezd\u0151lap","item":"https:\/\/kovacskati.com\/"},{"@type":"ListItem","position":2,"name":"Szerz\u0151i jogi nyilatkozat"}]},{"@type":"WebSite","@id":"https:\/\/kovacskati.com\/#website","url":"https:\/\/kovacskati.com\/","name":"kovacskati.com","description":"Termel\u0151 szervezetek fejleszt\u0151je","publisher":{"@id":"https:\/\/kovacskati.com\/#\/schema\/person\/a45e7fb2da10185804ff1605d3b989c3"},"potentialAction":[{"@type":"SearchAction","target":{"@type":"EntryPoint","urlTemplate":"https:\/\/kovacskati.com\/?s={search_term_string}"},"query-input":{"@type":"PropertyValueSpecification","valueRequired":true,"valueName":"search_term_string"}}],"inLanguage":"en-GB"},{"@type":["Person","Organization"],"@id":"https:\/\/kovacskati.com\/#\/schema\/person\/a45e7fb2da10185804ff1605d3b989c3","name":"Kov\u00e1cs Kati","image":{"@type":"ImageObject","inLanguage":"en-GB","@id":"https:\/\/kovacskati.com\/wp-content\/uploads\/2024\/02\/kovacskati-com-logo.png","url":"https:\/\/kovacskati.com\/wp-content\/uploads\/2024\/02\/kovacskati-com-logo.png","contentUrl":"https:\/\/kovacskati.com\/wp-content\/uploads\/2024\/02\/kovacskati-com-logo.png","width":500,"height":100,"caption":"Kov\u00e1cs Kati"},"logo":{"@id":"https:\/\/kovacskati.com\/wp-content\/uploads\/2024\/02\/kovacskati-com-logo.png"},"sameAs":["https:\/\/www.facebook.com\/profile.php?id=61556972811605","https:\/\/www.linkedin.com\/in\/katalin-kovcs-19b4b778\/"]}]}},"_links":{"self":[{"href":"https:\/\/kovacskati.com\/en\/wp-json\/wp\/v2\/pages\/624","targetHints":{"allow":["GET"]}}],"collection":[{"href":"https:\/\/kovacskati.com\/en\/wp-json\/wp\/v2\/pages"}],"about":[{"href":"https:\/\/kovacskati.com\/en\/wp-json\/wp\/v2\/types\/page"}],"author":[{"embeddable":true,"href":"https:\/\/kovacskati.com\/en\/wp-json\/wp\/v2\/users\/1"}],"replies":[{"embeddable":true,"href":"https:\/\/kovacskati.com\/en\/wp-json\/wp\/v2\/comments?post=624"}],"version-history":[{"count":0,"href":"https:\/\/kovacskati.com\/en\/wp-json\/wp\/v2\/pages\/624\/revisions"}],"wp:attachment":[{"href":"https:\/\/kovacskati.com\/en\/wp-json\/wp\/v2\/media?parent=624"}],"curies":[{"name":"wp","href":"https:\/\/api.w.org\/{rel}","templated":true}]}}